{"id":770,"date":"2022-02-23T21:06:46","date_gmt":"2022-02-23T21:06:46","guid":{"rendered":"https:\/\/demo.creativethemes.com\/stagingfour\/?page_id=770"},"modified":"2024-10-04T12:30:58","modified_gmt":"2024-10-04T16:30:58","slug":"project","status":"publish","type":"page","link":"https:\/\/marisolgonzalezofficial.com\/es\/project\/","title":{"rendered":"Proyectos"},"content":{"rendered":"<ol class=\"wp-block-list\">\n<li><\/li>\n<\/ol>\n\n\n\n<div class=\"wp-block-media-text is-stacked-on-mobile\" style=\"padding-top:var(--wp--preset--spacing--80);grid-template-columns:35% auto\"><figure class=\"wp-block-media-text__media\"><a href=\"https:\/\/www.youtube.com\/watch?v=krORXz0oI0k\"><img loading=\"lazy\" decoding=\"async\" width=\"800\" height=\"800\" src=\"https:\/\/marisolgonzalezofficial.com\/wp-content\/uploads\/2024\/07\/fotos-proyectos1.jpg\" alt=\"\" class=\"wp-image-1247 size-full\" srcset=\"https:\/\/marisolgonzalezofficial.com\/wp-content\/uploads\/2024\/07\/fotos-proyectos1.jpg 800w, https:\/\/marisolgonzalezofficial.com\/wp-content\/uploads\/2024\/07\/fotos-proyectos1-300x300.jpg 300w, https:\/\/marisolgonzalezofficial.com\/wp-content\/uploads\/2024\/07\/fotos-proyectos1-150x150.jpg 150w, https:\/\/marisolgonzalezofficial.com\/wp-content\/uploads\/2024\/07\/fotos-proyectos1-768x768.jpg 768w\" sizes=\"auto, (max-width: 800px) 100vw, 800px\" \/><\/a><\/figure><div class=\"wp-block-media-text__content\">\n<p class=\"has-large-font-size\"><em><span style=\"color: #e8855b;\" class=\"stk-highlight\"><strong>REMEMBERING BIG<\/strong> <strong>(Post-Production):<\/strong><\/span><\/em><\/p>\n\n\n\n<p>De cargador de agua en un ca\u00f1averal de az\u00facar de ni\u00f1o a golfista del Sal\u00f3n de la Fama, Juan \u201cChi Chi\u00bb Rodr\u00edguez lleg\u00f3 a la cima del mundo del deporte con su estilo e ingenio \u00fanicos, desafiando a aquellos que pensaban que un ni\u00f1o pobre de Puerto Rico no ten\u00eda lugar en el juego elitista del golf.<\/p>\n\n\n\n<div class=\"wp-block-stackable-button-group stk-block-button-group stk-block stk-7ca61ad\" data-block-id=\"7ca61ad\"><style>.stk-7ca61ad .stk-button-group{flex-direction:row !important;}@media screen and (max-width:999px){.stk-7ca61ad .stk-button-group{flex-direction:row !important;}}@media screen and (max-width:689px){.stk-7ca61ad .stk-button-group{flex-direction:row !important;}}<\/style><div class=\"stk-row stk-inner-blocks stk-block-content stk-button-group\">\n<div class=\"wp-block-stackable-button stk-block-button stk-block stk-b838c2f stk--has-lightbox\" data-block-id=\"b838c2f\"><style>.stk-b838c2f {max-width:500px !important;min-width:auto !important;}.stk-b838c2f .stk-button{background:#e8855b !important;}.stk-b838c2f .stk-button:hover:after{background:#e8855b !important;opacity:1 !important;}.stk-b838c2f .stk-button__inner-text{color:#000000 !important;}.stk-b838c2f .stk-button:hover .stk-button__inner-text{color:var(--theme-palette-color-4, #ffffff) !important;}<\/style><a class=\"stk-link stk-button stk--hover-effect-darken\" href=\"https:\/\/www.youtube.com\/watch?v=krORXz0oI0k\"><span class=\"has-text-color stk-button__inner-text\">Ver Trailer<\/span><\/a><\/div>\n<\/div><\/div>\n<\/div><\/div>\n\n\n\n<p class=\"has-text-align-center\" style=\"padding-top:0;padding-bottom:var(--wp--preset--spacing--80)\">El showman de golf, Chi Chi Rodr\u00edguez, tuvo humildes comienzos en la isla de Puerto Rico buscando pelotas por centavos en el campo de golf. Rodr\u00edguez y su hermano, Julio, reflexionan sobre su juventud y c\u00f3mo Chi Chi lleg\u00f3 al PGA Tour en la d\u00e9cada de 1960, cuando el golf era considerado un deporte para los privilegiados.<\/p>\n\n\n\n<figure class=\"wp-block-image aligncenter size-full\"><img loading=\"lazy\" decoding=\"async\" width=\"1100\" height=\"500\" src=\"https:\/\/marisolgonzalezofficial.com\/wp-content\/uploads\/2024\/07\/libro-1.jpg\" alt=\"\" class=\"wp-image-1168\" srcset=\"https:\/\/marisolgonzalezofficial.com\/wp-content\/uploads\/2024\/07\/libro-1.jpg 1100w, https:\/\/marisolgonzalezofficial.com\/wp-content\/uploads\/2024\/07\/libro-1-300x136.jpg 300w, https:\/\/marisolgonzalezofficial.com\/wp-content\/uploads\/2024\/07\/libro-1-1024x465.jpg 1024w, https:\/\/marisolgonzalezofficial.com\/wp-content\/uploads\/2024\/07\/libro-1-768x349.jpg 768w\" sizes=\"auto, (max-width: 1100px) 100vw, 1100px\" \/><\/figure>\n\n\n\n<p class=\"has-text-align-center has-large-font-size\" style=\"margin-top:0;margin-bottom:0;padding-top:0px;padding-right:0;padding-left:0\"><strong><span style=\"color: #e8855b;\" class=\"stk-highlight\"><br><br>SIEMPRE HABRA UNA ESTRELLA<\/span><\/strong><\/p>\n\n\n\n<p class=\"has-text-align-center\">Marisol pronto se estrena como autora, plasmando su historia en su primer libro.<\/p>\n\n\n\n<div class=\"wp-block-media-text has-media-on-the-right is-stacked-on-mobile\" style=\"padding-top:var(--wp--preset--spacing--70);padding-bottom:var(--wp--preset--spacing--70);grid-template-columns:auto 36%\"><div class=\"wp-block-media-text__content\">\n<p class=\"has-text-align-right has-large-font-size\" style=\"margin-top:var(--wp--preset--spacing--30);margin-bottom:var(--wp--preset--spacing--30)\"><span style=\"color: #e8855b;\" class=\"stk-highlight\"><strong><em>SOPHIA SPIRIT (working title)<\/em><\/strong><\/span><\/p>\n\n\n\n<p><\/p>\n\n\n\n<p class=\"has-text-align-right\">Viene de una cultura tradicional griega y enfrenta las presiones de vivir la vida que siempre ha so\u00f1ado. Sophia permanece profundamente arraigada a su cultura y tiene un fuerte sentido de mantener vivas las tradiciones a pesar de que su cultura podr\u00eda ser su peor enemigo.<\/p>\n\n\n\n<div class=\"wp-block-stackable-button-group stk-block-button-group stk-block stk-35bfc26\" data-block-id=\"35bfc26\"><style>.stk-35bfc26 .stk-button-group{flex-direction:row !important;}@media screen and (max-width:999px){.stk-35bfc26 .stk-button-group{flex-direction:row !important;}}@media screen and (max-width:689px){.stk-35bfc26 .stk-button-group{flex-direction:row !important;}}<\/style><div class=\"stk-row stk-inner-blocks has-text-align-right stk-block-content stk-button-group\">\n<div class=\"wp-block-stackable-button stk-block-button stk-block stk-723e14a stk--has-lightbox\" data-block-id=\"723e14a\"><style>.stk-723e14a {max-width:500px !important;min-width:auto !important;}.stk-723e14a .stk-button{background:#e8855b !important;}.stk-723e14a .stk-button:hover:after{background:#e8855b !important;opacity:1 !important;}.stk-723e14a .stk-button__inner-text{color:#000000 !important;}.stk-723e14a .stk-button:hover .stk-button__inner-text{color:var(--theme-palette-color-4, #ffffff) !important;}<\/style><a class=\"stk-link stk-button stk--hover-effect-darken\" href=\"https:\/\/youtu.be\/HGKTOEwaIYw\"><span class=\"has-text-color stk-button__inner-text\">Ver Trailer<\/span><\/a><\/div>\n<\/div><\/div>\n<\/div><figure class=\"wp-block-media-text__media\"><a href=\"https:\/\/youtu.be\/HGKTOEwaIYw\"><img loading=\"lazy\" decoding=\"async\" width=\"800\" height=\"800\" src=\"https:\/\/marisolgonzalezofficial.com\/wp-content\/uploads\/2024\/07\/fotos-proyectos2-1.jpg\" alt=\"\" class=\"wp-image-1249 size-full\" srcset=\"https:\/\/marisolgonzalezofficial.com\/wp-content\/uploads\/2024\/07\/fotos-proyectos2-1.jpg 800w, https:\/\/marisolgonzalezofficial.com\/wp-content\/uploads\/2024\/07\/fotos-proyectos2-1-300x300.jpg 300w, https:\/\/marisolgonzalezofficial.com\/wp-content\/uploads\/2024\/07\/fotos-proyectos2-1-150x150.jpg 150w, https:\/\/marisolgonzalezofficial.com\/wp-content\/uploads\/2024\/07\/fotos-proyectos2-1-768x768.jpg 768w\" sizes=\"auto, (max-width: 800px) 100vw, 800px\" \/><\/a><\/figure><\/div>\n\n\n\n<p class=\"has-text-align-center has-large-font-size\" style=\"margin-top:var(--wp--preset--spacing--20);margin-bottom:var(--wp--preset--spacing--20)\"><strong><span style=\"color: #e8855b;\" class=\"stk-highlight\"><br><br>NI\u00d1OS DETR\u00c1S DEL DOCUMENTO<\/span><\/strong><\/p>\n\n\n\n<p class=\"has-text-align-center\"><strong><br><br>GALARDONADO DOCUMENTAL<\/strong><br><\/p>\n\n\n\n<figure class=\"wp-block-image aligncenter size-full is-resized\"><a href=\"https:\/\/www.youtube.com\/watch?v=L5gWDkRgxdU&amp;t=3s\"><img loading=\"lazy\" decoding=\"async\" width=\"731\" height=\"1012\" src=\"https:\/\/marisolgonzalezofficial.com\/wp-content\/uploads\/2024\/07\/CBTW-official-Poster-731x1024-1.png\" alt=\"\" class=\"wp-image-1277\" style=\"width:448px;height:auto\" srcset=\"https:\/\/marisolgonzalezofficial.com\/wp-content\/uploads\/2024\/07\/CBTW-official-Poster-731x1024-1.png 731w, https:\/\/marisolgonzalezofficial.com\/wp-content\/uploads\/2024\/07\/CBTW-official-Poster-731x1024-1-217x300.png 217w, https:\/\/marisolgonzalezofficial.com\/wp-content\/uploads\/2024\/07\/CBTW-official-Poster-731x1024-1-9x12.png 9w\" sizes=\"auto, (max-width: 731px) 100vw, 731px\" \/><\/a><\/figure>\n\n\n\n<div class=\"wp-block-stackable-button-group stk-block-button-group stk-block stk-6a8a36e\" data-block-id=\"6a8a36e\"><style>.stk-6a8a36e .stk-button-group{flex-direction:row !important;}@media screen and (max-width:999px){.stk-6a8a36e .stk-button-group{flex-direction:row !important;}}@media screen and (max-width:689px){.stk-6a8a36e .stk-button-group{flex-direction:row !important;}}<\/style><div class=\"stk-row stk-inner-blocks has-text-align-center stk-block-content stk-button-group\">\n<div class=\"wp-block-stackable-button stk-block-button stk-block stk-169dfea stk--has-lightbox\" data-block-id=\"169dfea\"><style>.stk-169dfea {align-items:center !important;max-width:1500px !important;min-width:auto !important;margin-right:auto !important;margin-left:auto !important;display:flex !important;}.stk-169dfea .stk-button{background:#e8855b !important;}.stk-169dfea .stk-button:hover:after{background:#e8855b !important;opacity:1 !important;}.stk-169dfea .stk-button__inner-text{color:#000000 !important;}.stk-169dfea .stk-button:hover .stk-button__inner-text{color:var(--theme-palette-color-4, #ffffff) !important;}<\/style><a class=\"stk-link stk-button stk--hover-effect-darken\" href=\"https:\/\/www.youtube.com\/watch?v=L5gWDkRgxdU&amp;t=3s\"><span class=\"has-text-color stk-button__inner-text\">Ver Trailer<\/span><\/a><\/div>\n<\/div><\/div>\n\n\n\n<p class=\"has-text-align-center\">Tijuana es la legendaria ciudad fronteriza entre M\u00e9xico y Estados Unidos.  Es tambi\u00e9n conocida como el para\u00edso del tr\u00e1fico tanto de mercanc\u00eda como de personas.  Cuando las familias que vienen de toda Latinoam\u00e9rica, para cruzar a Estados Unidos, no logran cruzar, la mayor\u00eda se quedan en Tijuana y caen en las drogas.  Abandonan a sus hijos en las calles, y estos siguen los pasos de sus padres. Quedan atrapados en el imperdonable c\u00edrculo de la drogadicci\u00f3n y por ende caen en la prostituci\u00f3n y violencia.  \u201cLos Ni\u00f1os Detr\u00e1s del Muro\u201d explora la complejidad de esta situaci\u00f3n, a trav\u00e9s de historias contadas por algunos de estos chicos que luchan por liberarse del vicio.<\/p>\n\n\n\n<p><\/p>\n\n\n\n<p class=\"has-text-align-center has-medium-font-size\" style=\"padding-top:0;line-height:2.5\"><span style=\"color: #e8855b;\" class=\"stk-highlight\"><strong><br><br>Muy pronto estar\u00e1 disponible en la plataforma:<\/strong><\/span> <img loading=\"lazy\" decoding=\"async\" width=\"150\" height=\"50\" class=\"wp-image-1233\" style=\"width: 150px;\" src=\"http:\/\/marisolgonzalezofficial.com\/wp-content\/uploads\/2024\/07\/LATINOCIRCUIT-TV-TRANSPARENTE-768x256-1.png\" alt=\"\" srcset=\"https:\/\/marisolgonzalezofficial.com\/wp-content\/uploads\/2024\/07\/LATINOCIRCUIT-TV-TRANSPARENTE-768x256-1.png 768w, https:\/\/marisolgonzalezofficial.com\/wp-content\/uploads\/2024\/07\/LATINOCIRCUIT-TV-TRANSPARENTE-768x256-1-300x100.png 300w\" sizes=\"auto, (max-width: 150px) 100vw, 150px\" \/><\/p>\n\n\n\n<div class=\"wp-block-stackable-button-group stk-block-button-group stk-block stk-104a300\" data-block-id=\"104a300\"><style>.stk-104a300 .stk-button-group{flex-direction:row !important;}.stk-104a300 {margin-bottom:50px !important;}@media screen and (max-width:999px){.stk-104a300 .stk-button-group{flex-direction:row !important;}}@media screen and (max-width:689px){.stk-104a300 .stk-button-group{flex-direction:row !important;}}<\/style><div class=\"stk-row stk-inner-blocks has-text-align-center stk-block-content stk-button-group\">\n<div class=\"wp-block-stackable-button stk-block-button has-text-align-center stk-block stk-4971a27\" data-block-id=\"4971a27\"><style>.stk-4971a27 .stk-button{background:#e8855b !important;}.stk-4971a27 .stk-button:hover:after{background:#e8855b !important;opacity:1 !important;}.stk-4971a27 .stk-button__inner-text{color:#000000 !important;}.stk-4971a27 .stk-button:hover .stk-button__inner-text{color:var(--theme-palette-color-4, #ffffff) !important;}<\/style><a class=\"stk-link stk-button stk--hover-effect-darken\" href=\"https:\/\/latinocircuittv.com\/\" target=\"_blank\" rel=\"noreferrer noopener\"><span class=\"has-text-color stk-button__inner-text\">Ver contenido<\/span><\/a><\/div>\n<\/div><\/div>\n\n\n\n<ol start=\"4\" class=\"wp-block-list\">\n<li><\/li>\n<\/ol>\n\n\n\n<div class=\"wp-block-stackable-text stk-block-text stk-block stk-e10bb90\" data-block-id=\"e10bb90\"><p class=\"stk-block-text__text\"><span style=\"color: #e8855b;\" class=\"stk-highlight\"><strong><br><br>Premios de Cine y Menciones Especiales<\/strong><\/span><br><\/p><\/div>\n\n\n\n<p>2018 Hudson River International Film Festival, Weehawken, Nueva Jersey, Selecci\u00f3n Oficial<\/p>\n\n\n\n<p><strong><span style=\"color: var(--theme-palette-color-4, #ffffff);\" class=\"stk-highlight\">Ganador de Mejor Documental Producci\u00f3n Internacional<br>Nominado a Mejor Largometraje<br>Nominado a Mejor Filme Independiente<\/span><\/strong><br><\/p>\n\n\n\n<p><strong><span style=\"color: var(--theme-palette-color-4, #ffffff);\" class=\"stk-highlight\">The United Nations<\/span>&nbsp;<\/strong>invit\u00f3 a Marisol Gonz\u00e1lez a hablar en una mesa redonda sobre c\u00f3mo la econom\u00eda creativa, la educaci\u00f3n y el cine independiente pueden usarse para el desarrollo junto al Dr. Ernest Kahan, ganador del <span style=\"color: #ffffff;\" class=\"stk-highlight\"><strong>Premio Nobel de la Paz <\/strong><\/span>y el destacado dise\u00f1ador latino Ra\u00fal Pe\u00f1aranda.  Discutieron<\/p>\n\n\n\n<p>2017 Americas Film Festival of New York, Selecci\u00f3n Oficial<\/p>\n\n\n\n<p>2017 Queens World Film Festival, Queens, New York<\/p>\n\n\n\n<p><strong><span style=\"color: var(--theme-palette-color-4, #ffffff);\" class=\"stk-highlight\">Nominado a Mejor Largometraje<\/span><\/strong><\/p>\n\n\n\n<p>2017 Festival Internacional de Cine de la Patagonia in Argentina<\/p>\n\n\n\n<p><strong><span style=\"color: var(--theme-palette-color-4, #ffffff);\" class=\"stk-highlight\">Selecci\u00f3n Oficial<\/span><\/strong><br><\/p>\n\n\n\n<p>2017 Festival De Cine Global Dominicano, Rep\u00fablica Dominicana Selecci\u00f3n Oficial<\/p>\n\n\n\n<p><strong><span style=\"color: var(--theme-palette-color-4, #ffffff);\" class=\"stk-highlight\">Nominado a la Competencia Documental<\/span><\/strong><br><\/p>\n\n\n\n<p>2016 Awareness Festival, Los Angeles, California, Selecci\u00f3n Oficial<\/p>\n\n\n\n<p>Presentaci\u00f3n Privada en el teatro de HBO Theater, New York, New York<\/p>\n\n\n\n\n\n<figure class=\"wp-block-gallery has-nested-images columns-default is-cropped wp-block-gallery-1 is-layout-flex wp-block-gallery-is-layout-flex\"><\/figure>\n\n\n\n<div style=\"height:65px\" aria-hidden=\"true\" class=\"wp-block-spacer\"><\/div>\n\n\n\n<div class=\"wp-block-stackable-spacer stk-block-spacer stk--no-padding stk-block stk-a48d538\" data-block-id=\"a48d538\"><style>.stk-a48d538 {height:50px !important;}<\/style><\/div>\n\n\n\n<div class=\"wp-block-stackable-spacer stk-block-spacer stk--no-padding stk-block stk-92e11a5\" data-block-id=\"92e11a5\"><style>.stk-92e11a5 {height:35px !important;}@media screen and (max-width:999px){.stk-92e11a5 {height:25px !important;}}@media screen and (max-width:689px){.stk-92e11a5 {height:35px !important;}}<\/style><\/div>\n\n\n\n<div class=\"wp-block-stackable-spacer stk-block-spacer stk--no-padding stk-block stk-6090630\" data-block-id=\"6090630\"><style>.stk-6090630 {height:100px !important;}@media screen and (max-width:689px){.stk-6090630 {height:50px !important;}}<\/style><\/div>\n\n\n\n<div class=\"wp-block-stackable-spacer stk-block-spacer stk--no-padding stk-block stk-59d9e47\" data-block-id=\"59d9e47\"><style>.stk-59d9e47 {height:20px !important;}@media screen and (max-width:689px){.stk-59d9e47 {height:0px !important;}}<\/style><\/div>","protected":false},"excerpt":{"rendered":"<p>The original golf showman, Chi Chi Rodriguez, had humble beginnings in Puerto Rico fetching balls for quarters on the golf course. Rodriguez and his brother, Julio, reflect on their youth and how Chi Chi reached the PGA tour in the 1960s, when golf was considered a sport for the privileged. THERE WILL ALWAYS BE A [&hellip;]<\/p>\n","protected":false},"author":1,"featured_media":0,"parent":0,"menu_order":0,"comment_status":"closed","ping_status":"closed","template":"","meta":{"footnotes":""},"class_list":["post-770","page","type-page","status-publish","hentry"],"blocksy_meta":{"styles_descriptor":{"styles":{"desktop":"","tablet":"","mobile":""},"google_fonts":[],"version":6}},"_links":{"self":[{"href":"https:\/\/marisolgonzalezofficial.com\/es\/wp-json\/wp\/v2\/pages\/770","targetHints":{"allow":["GET"]}}],"collection":[{"href":"https:\/\/marisolgonzalezofficial.com\/es\/wp-json\/wp\/v2\/pages"}],"about":[{"href":"https:\/\/marisolgonzalezofficial.com\/es\/wp-json\/wp\/v2\/types\/page"}],"author":[{"embeddable":true,"href":"https:\/\/marisolgonzalezofficial.com\/es\/wp-json\/wp\/v2\/users\/1"}],"replies":[{"embeddable":true,"href":"https:\/\/marisolgonzalezofficial.com\/es\/wp-json\/wp\/v2\/comments?post=770"}],"version-history":[{"count":112,"href":"https:\/\/marisolgonzalezofficial.com\/es\/wp-json\/wp\/v2\/pages\/770\/revisions"}],"predecessor-version":[{"id":1384,"href":"https:\/\/marisolgonzalezofficial.com\/es\/wp-json\/wp\/v2\/pages\/770\/revisions\/1384"}],"wp:attachment":[{"href":"https:\/\/marisolgonzalezofficial.com\/es\/wp-json\/wp\/v2\/media?parent=770"}],"curies":[{"name":"wp","href":"https:\/\/api.w.org\/{rel}","templated":true}]}}